{"id":224,"date":"2024-11-19T21:13:43","date_gmt":"2024-11-19T21:13:43","guid":{"rendered":"https:\/\/laboratoriocataldi.com.ar\/nuevaweb\/?page_id=224"},"modified":"2025-02-10T14:28:32","modified_gmt":"2025-02-10T14:28:32","slug":"servicio-toma-de-muestras","status":"publish","type":"page","link":"https:\/\/laboratoriocataldi.com.ar\/nuevaweb\/servicio-toma-de-muestras\/","title":{"rendered":"Servicio Toma de Muestras"},"content":{"rendered":"\t\t<div data-elementor-type=\"wp-page\" data-elementor-id=\"224\" class=\"elementor elementor-224\" data-elementor-post-type=\"page\">\n\t\t\t\t<div class=\"elementor-element elementor-element-3835057c e-flex e-con-boxed e-con e-parent\" data-id=\"3835057c\" data-element_type=\"container\" data-settings=\"{&quot;background_background&quot;:&quot;classic&quot;}\">\n\t\t\t\t\t<div class=\"e-con-inner\">\n\t\t\t\t\t<\/div>\n\t\t\t\t<\/div>\n\t\t<div class=\"elementor-element elementor-element-4ff3338 elementor-hidden-tablet elementor-hidden-mobile e-flex e-con-boxed e-con e-parent\" data-id=\"4ff3338\" data-element_type=\"container\" data-settings=\"{&quot;background_background&quot;:&quot;classic&quot;}\">\n\t\t\t\t\t<div class=\"e-con-inner\">\n\t\t<div class=\"elementor-element elementor-element-253303d e-con-full e-flex e-con e-child\" data-id=\"253303d\" data-element_type=\"container\">\n\t\t\t\t<div class=\"elementor-element elementor-element-0095394 elementor-widget elementor-widget-heading\" data-id=\"0095394\" data-element_type=\"widget\" data-widget_type=\"heading.default\">\n\t\t\t\t<div class=\"elementor-widget-container\">\n\t\t\t\t\t<div class=\"elementor-heading-title elementor-size-default\">Servicio de toma de muestras<br>\nde aceite aislante de<br>\ntransformadores<\/div>\t\t\t\t<\/div>\n\t\t\t\t<\/div>\n\t\t\t\t<div class=\"elementor-element elementor-element-eb74e39 elementor-widget-divider--view-line elementor-widget elementor-widget-divider\" data-id=\"eb74e39\" data-element_type=\"widget\" data-widget_type=\"divider.default\">\n\t\t\t\t<div class=\"elementor-widget-container\">\n\t\t\t\t\t\t\t<div class=\"elementor-divider\">\n\t\t\t<span class=\"elementor-divider-separator\">\n\t\t\t\t\t\t<\/span>\n\t\t<\/div>\n\t\t\t\t\t\t<\/div>\n\t\t\t\t<\/div>\n\t\t\t\t<div class=\"elementor-element elementor-element-0b2873c elementor-widget elementor-widget-text-editor\" data-id=\"0b2873c\" data-element_type=\"widget\" data-widget_type=\"text-editor.default\">\n\t\t\t\t<div class=\"elementor-widget-container\">\n\t\t\t\t\t\t\t\t\t<p><span style=\"font-weight: 400;\">El servicio de muestreo es llevado a cabo por nuestro personal altamente capacitado y especializado, con m\u00e1s de 20 a\u00f1os de experiencia en la extracci\u00f3n de muestras de aceite de transformador.\u00a0<\/span><\/p><p><span style=\"font-weight: 400;\">Contamos con un programa de seguridad espec\u00edfico para cada tarea, as\u00ed como con cobertura de ART y Aviso de Obra para trabajos fuera de nuestras instalaciones, garantizando la m\u00e1xima seguridad en cada ocasi\u00f3n.<\/span><\/p>\t\t\t\t\t\t\t\t<\/div>\n\t\t\t\t<\/div>\n\t\t\t\t<\/div>\n\t\t\t\t\t<\/div>\n\t\t\t\t<\/div>\n\t\t<div class=\"elementor-element elementor-element-b8898ec elementor-hidden-desktop e-flex e-con-boxed e-con e-parent\" data-id=\"b8898ec\" data-element_type=\"container\" data-settings=\"{&quot;background_background&quot;:&quot;classic&quot;}\">\n\t\t\t\t\t<div class=\"e-con-inner\">\n\t\t<div class=\"elementor-element elementor-element-0766ba2 e-con-full e-flex e-con e-child\" data-id=\"0766ba2\" data-element_type=\"container\">\n\t\t\t\t<div class=\"elementor-element elementor-element-9ff341c elementor-widget elementor-widget-heading\" data-id=\"9ff341c\" data-element_type=\"widget\" data-widget_type=\"heading.default\">\n\t\t\t\t<div class=\"elementor-widget-container\">\n\t\t\t\t\t<div class=\"elementor-heading-title elementor-size-default\">Servicio de toma de muestras<br>\nde aceite aislante de<br>\ntransformadores<\/div>\t\t\t\t<\/div>\n\t\t\t\t<\/div>\n\t\t\t\t<div class=\"elementor-element elementor-element-848d103 elementor-widget-divider--view-line elementor-widget elementor-widget-divider\" data-id=\"848d103\" data-element_type=\"widget\" data-widget_type=\"divider.default\">\n\t\t\t\t<div class=\"elementor-widget-container\">\n\t\t\t\t\t\t\t<div class=\"elementor-divider\">\n\t\t\t<span class=\"elementor-divider-separator\">\n\t\t\t\t\t\t<\/span>\n\t\t<\/div>\n\t\t\t\t\t\t<\/div>\n\t\t\t\t<\/div>\n\t\t\t\t<div class=\"elementor-element elementor-element-97e6851 elementor-widget elementor-widget-text-editor\" data-id=\"97e6851\" data-element_type=\"widget\" data-widget_type=\"text-editor.default\">\n\t\t\t\t<div class=\"elementor-widget-container\">\n\t\t\t\t\t\t\t\t\t<p><span style=\"font-weight: 400;\">El servicio de muestreo es llevado a cabo por nuestro personal altamente capacitado y especializado, con m\u00e1s de 20 a\u00f1os de experiencia en la extracci\u00f3n de muestras de aceite de transformador.\u00a0<\/span><\/p><p><span style=\"font-weight: 400;\">Contamos con un programa de seguridad espec\u00edfico para cada tarea, as\u00ed como con cobertura de ART y Aviso de Obra para trabajos fuera de nuestras instalaciones, garantizando la m\u00e1xima seguridad en cada ocasi\u00f3n.<\/span><\/p>\t\t\t\t\t\t\t\t<\/div>\n\t\t\t\t<\/div>\n\t\t\t\t<\/div>\n\t\t\t\t\t<\/div>\n\t\t\t\t<\/div>\n\t\t<div class=\"elementor-element elementor-element-46d8027 e-flex e-con-boxed e-con e-parent\" data-id=\"46d8027\" data-element_type=\"container\">\n\t\t\t\t\t<div class=\"e-con-inner\">\n\t\t<div class=\"elementor-element elementor-element-47a36db e-con-full e-flex e-con e-child\" data-id=\"47a36db\" data-element_type=\"container\">\n\t\t\t\t<div class=\"elementor-element elementor-element-0b89260 elementor-invisible elementor-widget elementor-widget-image\" data-id=\"0b89260\" data-element_type=\"widget\" data-settings=\"{&quot;_animation&quot;:&quot;fadeInUp&quot;}\" data-widget_type=\"image.default\">\n\t\t\t\t<div class=\"elementor-widget-container\">\n\t\t\t\t\t\t\t\t\t\t\t\t\t\t\t<img decoding=\"async\" width=\"80\" height=\"79\" src=\"https:\/\/laboratoriocataldi.com.ar\/nuevaweb\/wp-content\/uploads\/2024\/11\/Recurso_4.png\" class=\"elementor-animation-pulse attachment-large size-large wp-image-104\" alt=\"\" \/>\t\t\t\t\t\t\t\t\t\t\t\t\t\t\t<\/div>\n\t\t\t\t<\/div>\n\t\t\t\t<div class=\"elementor-element elementor-element-e522b55 elementor-widget elementor-widget-heading\" data-id=\"e522b55\" data-element_type=\"widget\" data-widget_type=\"heading.default\">\n\t\t\t\t<div class=\"elementor-widget-container\">\n\t\t\t\t\t<div class=\"elementor-heading-title elementor-size-default\">TIEMPO DE TRABAJO PLANIFICADO<\/div>\t\t\t\t<\/div>\n\t\t\t\t<\/div>\n\t\t\t\t<\/div>\n\t\t<div class=\"elementor-element elementor-element-6f1f65f e-con-full e-flex e-con e-child\" data-id=\"6f1f65f\" data-element_type=\"container\">\n\t\t\t\t<div class=\"elementor-element elementor-element-d6b0e99 elementor-invisible elementor-widget elementor-widget-image\" data-id=\"d6b0e99\" data-element_type=\"widget\" data-settings=\"{&quot;_animation&quot;:&quot;fadeInUp&quot;}\" data-widget_type=\"image.default\">\n\t\t\t\t<div class=\"elementor-widget-container\">\n\t\t\t\t\t\t\t\t\t\t\t\t\t\t\t<img decoding=\"async\" width=\"59\" height=\"79\" src=\"https:\/\/laboratoriocataldi.com.ar\/nuevaweb\/wp-content\/uploads\/2024\/11\/Recurso_2-1.png\" class=\"elementor-animation-pulse attachment-large size-large wp-image-102\" alt=\"\" \/>\t\t\t\t\t\t\t\t\t\t\t\t\t\t\t<\/div>\n\t\t\t\t<\/div>\n\t\t\t\t<div class=\"elementor-element elementor-element-efd592a elementor-widget elementor-widget-heading\" data-id=\"efd592a\" data-element_type=\"widget\" data-widget_type=\"heading.default\">\n\t\t\t\t<div class=\"elementor-widget-container\">\n\t\t\t\t\t<div class=\"elementor-heading-title elementor-size-default\">UBICACI\u00d3N EN PLANTA<\/div>\t\t\t\t<\/div>\n\t\t\t\t<\/div>\n\t\t\t\t<\/div>\n\t\t<div class=\"elementor-element elementor-element-ac48df2 e-con-full e-flex e-con e-child\" data-id=\"ac48df2\" data-element_type=\"container\">\n\t\t\t\t<div class=\"elementor-element elementor-element-bd0795f elementor-invisible elementor-widget elementor-widget-image\" data-id=\"bd0795f\" data-element_type=\"widget\" data-settings=\"{&quot;_animation&quot;:&quot;fadeInUp&quot;}\" data-widget_type=\"image.default\">\n\t\t\t\t<div class=\"elementor-widget-container\">\n\t\t\t\t\t\t\t\t\t\t\t\t\t\t\t<img decoding=\"async\" width=\"59\" height=\"79\" src=\"https:\/\/laboratoriocataldi.com.ar\/nuevaweb\/wp-content\/uploads\/2024\/11\/Recurso_3-1.png\" class=\"elementor-animation-pulse attachment-large size-large wp-image-103\" alt=\"\" \/>\t\t\t\t\t\t\t\t\t\t\t\t\t\t\t<\/div>\n\t\t\t\t<\/div>\n\t\t\t\t<div class=\"elementor-element elementor-element-1728e60 elementor-widget elementor-widget-heading\" data-id=\"1728e60\" data-element_type=\"widget\" data-widget_type=\"heading.default\">\n\t\t\t\t<div class=\"elementor-widget-container\">\n\t\t\t\t\t<div class=\"elementor-heading-title elementor-size-default\">CANTIDAD Y TIPO DE EQUIPOS A MUESTREAR<\/div>\t\t\t\t<\/div>\n\t\t\t\t<\/div>\n\t\t\t\t<\/div>\n\t\t<div class=\"elementor-element elementor-element-c1dbd97 e-con-full e-flex e-con e-child\" data-id=\"c1dbd97\" data-element_type=\"container\">\n\t\t\t\t<div class=\"elementor-element elementor-element-e589d2c elementor-invisible elementor-widget elementor-widget-image\" data-id=\"e589d2c\" data-element_type=\"widget\" data-settings=\"{&quot;_animation&quot;:&quot;fadeInUp&quot;}\" data-widget_type=\"image.default\">\n\t\t\t\t<div class=\"elementor-widget-container\">\n\t\t\t\t\t\t\t\t\t\t\t\t\t\t\t<img loading=\"lazy\" decoding=\"async\" width=\"57\" height=\"77\" src=\"https:\/\/laboratoriocataldi.com.ar\/nuevaweb\/wp-content\/uploads\/2024\/11\/Recurso_1-6.png\" class=\"elementor-animation-pulse attachment-large size-large wp-image-101\" alt=\"\" \/>\t\t\t\t\t\t\t\t\t\t\t\t\t\t\t<\/div>\n\t\t\t\t<\/div>\n\t\t\t\t<div class=\"elementor-element elementor-element-76fee6a elementor-widget elementor-widget-heading\" data-id=\"76fee6a\" data-element_type=\"widget\" data-widget_type=\"heading.default\">\n\t\t\t\t<div class=\"elementor-widget-container\">\n\t\t\t\t\t<div class=\"elementor-heading-title elementor-size-default\">PRESUPUESTO<\/div>\t\t\t\t<\/div>\n\t\t\t\t<\/div>\n\t\t\t\t<\/div>\n\t\t\t\t\t<\/div>\n\t\t\t\t<\/div>\n\t\t<div class=\"elementor-element elementor-element-8c6fac2 e-flex e-con-boxed e-con e-parent\" data-id=\"8c6fac2\" data-element_type=\"container\">\n\t\t\t\t\t<div class=\"e-con-inner\">\n\t\t<div class=\"elementor-element elementor-element-b0da2cc e-flex e-con-boxed e-con e-child\" data-id=\"b0da2cc\" data-element_type=\"container\">\n\t\t\t\t\t<div class=\"e-con-inner\">\n\t\t\t\t<div class=\"elementor-element elementor-element-46847be elementor-align-center elementor-widget elementor-widget-button\" data-id=\"46847be\" data-element_type=\"widget\" data-widget_type=\"button.default\">\n\t\t\t\t<div class=\"elementor-widget-container\">\n\t\t\t\t\t\t\t\t\t<div class=\"elementor-button-wrapper\">\n\t\t\t\t\t<a class=\"elementor-button elementor-button-link elementor-size-sm\" href=\"https:\/\/laboratoriocataldi.com.ar\/nuevaweb\/contacto\/\">\n\t\t\t\t\t\t<span class=\"elementor-button-content-wrapper\">\n\t\t\t\t\t\t\t\t\t<span class=\"elementor-button-text\">presupuestar<\/span>\n\t\t\t\t\t<\/span>\n\t\t\t\t\t<\/a>\n\t\t\t\t<\/div>\n\t\t\t\t\t\t\t\t<\/div>\n\t\t\t\t<\/div>\n\t\t\t\t\t<\/div>\n\t\t\t\t<\/div>\n\t\t\t\t\t<\/div>\n\t\t\t\t<\/div>\n\t\t\t\t<\/div>\n\t\t","protected":false},"excerpt":{"rendered":"<p>Servicio de toma de muestras de aceite aislante de transformadores El servicio de muestreo es llevado a cabo por nuestro [&hellip;]<\/p>\n","protected":false},"author":3,"featured_media":0,"parent":0,"menu_order":0,"comment_status":"closed","ping_status":"closed","template":"","meta":{"site-sidebar-layout":"no-sidebar","site-content-layout":"","ast-site-content-layout":"full-width-container","site-content-style":"default","site-sidebar-style":"default","ast-global-header-display":"","ast-banner-title-visibility":"","ast-main-header-display":"","ast-hfb-above-header-display":"","ast-hfb-below-header-display":"","ast-hfb-mobile-header-display":"","site-post-title":"disabled","ast-breadcrumbs-content":"","ast-featured-img":"disabled","footer-sml-layout":"","theme-transparent-header-meta":"","adv-header-id-meta":"","stick-header-meta":"","header-above-stick-meta":"","header-main-stick-meta":"","header-below-stick-meta":"","astra-migrate-meta-layouts":"default","ast-page-background-enabled":"default","ast-page-background-meta":{"desktop":{"background-color":"var(--ast-global-color-4)","background-image":"","background-repeat":"repeat","background-position":"center center","background-size":"auto","background-attachment":"scroll","background-type":"","background-media":"","overlay-type":"","overlay-color":"","overlay-opacity":"","overlay-gradient":""},"tablet":{"background-color":"","background-image":"","background-repeat":"repeat","background-position":"center center","background-size":"auto","background-attachment":"scroll","background-type":"","background-media":"","overlay-type":"","overlay-color":"","overlay-opacity":"","overlay-gradient":""},"mobile":{"background-color":"","background-image":"","background-repeat":"repeat","background-position":"center center","background-size":"auto","background-attachment":"scroll","background-type":"","background-media":"","overlay-type":"","overlay-color":"","overlay-opacity":"","overlay-gradient":""}},"ast-content-background-meta":{"desktop":{"background-color":"var(--ast-global-color-5)","background-image":"","background-repeat":"repeat","background-position":"center center","background-size":"auto","background-attachment":"scroll","background-type":"","background-media":"","overlay-type":"","overlay-color":"","overlay-opacity":"","overlay-gradient":""},"tablet":{"background-color":"var(--ast-global-color-5)","background-image":"","background-repeat":"repeat","background-position":"center center","background-size":"auto","background-attachment":"scroll","background-type":"","background-media":"","overlay-type":"","overlay-color":"","overlay-opacity":"","overlay-gradient":""},"mobile":{"background-color":"var(--ast-global-color-5)","background-image":"","background-repeat":"repeat","background-position":"center center","background-size":"auto","background-attachment":"scroll","background-type":"","background-media":"","overlay-type":"","overlay-color":"","overlay-opacity":"","overlay-gradient":""}},"footnotes":""},"class_list":["post-224","page","type-page","status-publish","hentry"],"_links":{"self":[{"href":"https:\/\/laboratoriocataldi.com.ar\/nuevaweb\/wp-json\/wp\/v2\/pages\/224","targetHints":{"allow":["GET"]}}],"collection":[{"href":"https:\/\/laboratoriocataldi.com.ar\/nuevaweb\/wp-json\/wp\/v2\/pages"}],"about":[{"href":"https:\/\/laboratoriocataldi.com.ar\/nuevaweb\/wp-json\/wp\/v2\/types\/page"}],"author":[{"embeddable":true,"href":"https:\/\/laboratoriocataldi.com.ar\/nuevaweb\/wp-json\/wp\/v2\/users\/3"}],"replies":[{"embeddable":true,"href":"https:\/\/laboratoriocataldi.com.ar\/nuevaweb\/wp-json\/wp\/v2\/comments?post=224"}],"version-history":[{"count":5,"href":"https:\/\/laboratoriocataldi.com.ar\/nuevaweb\/wp-json\/wp\/v2\/pages\/224\/revisions"}],"predecessor-version":[{"id":714,"href":"https:\/\/laboratoriocataldi.com.ar\/nuevaweb\/wp-json\/wp\/v2\/pages\/224\/revisions\/714"}],"wp:attachment":[{"href":"https:\/\/laboratoriocataldi.com.ar\/nuevaweb\/wp-json\/wp\/v2\/media?parent=224"}],"curies":[{"name":"wp","href":"https:\/\/api.w.org\/{rel}","templated":true}]}}