{"id":19,"date":"2024-11-16T20:18:38","date_gmt":"2024-11-16T20:18:38","guid":{"rendered":"https:\/\/laboratoriocataldi.com.ar\/nuevaweb\/?page_id=19"},"modified":"2025-02-04T14:46:31","modified_gmt":"2025-02-04T14:46:31","slug":"nuestro-laboratorio","status":"publish","type":"page","link":"https:\/\/laboratoriocataldi.com.ar\/nuevaweb\/nuestro-laboratorio\/","title":{"rendered":"Quienes Somos"},"content":{"rendered":"\t\t<div data-elementor-type=\"wp-page\" data-elementor-id=\"19\" class=\"elementor elementor-19\" data-elementor-post-type=\"page\">\n\t\t\t\t<div class=\"elementor-element elementor-element-a123190 e-flex e-con-boxed e-con e-parent\" data-id=\"a123190\" data-element_type=\"container\" data-settings=\"{&quot;background_background&quot;:&quot;classic&quot;}\">\n\t\t\t\t\t<div class=\"e-con-inner\">\n\t\t\t\t\t<\/div>\n\t\t\t\t<\/div>\n\t\t<div class=\"elementor-element elementor-element-166cbb04 e-flex e-con-boxed e-con e-parent\" data-id=\"166cbb04\" data-element_type=\"container\">\n\t\t\t\t\t<div class=\"e-con-inner\">\n\t\t\t\t<div class=\"elementor-element elementor-element-16e105b4 elementor-widget elementor-widget-heading\" data-id=\"16e105b4\" data-element_type=\"widget\" data-widget_type=\"heading.default\">\n\t\t\t\t<div class=\"elementor-widget-container\">\n\t\t\t\t\t<h2 class=\"elementor-heading-title elementor-size-default\">Quienes somos<\/h2>\t\t\t\t<\/div>\n\t\t\t\t<\/div>\n\t\t\t\t<div class=\"elementor-element elementor-element-3020271d elementor-widget elementor-widget-text-editor\" data-id=\"3020271d\" data-element_type=\"widget\" data-widget_type=\"text-editor.default\">\n\t\t\t\t<div class=\"elementor-widget-container\">\n\t\t\t\t\t\t\t\t\t<p>An\u00e1lisis de fluidos diel\u00e9ctricos y diagn\u00f3stico de funcionamiento de transformadores<\/p>\t\t\t\t\t\t\t\t<\/div>\n\t\t\t\t<\/div>\n\t\t\t\t\t<\/div>\n\t\t\t\t<\/div>\n\t\t<div class=\"elementor-element elementor-element-20af01e0 e-flex e-con-boxed e-con e-parent\" data-id=\"20af01e0\" data-element_type=\"container\" data-settings=\"{&quot;background_background&quot;:&quot;classic&quot;}\">\n\t\t\t\t\t<div class=\"e-con-inner\">\n\t\t<div class=\"elementor-element elementor-element-7752adbe e-con-full e-flex e-con e-child\" data-id=\"7752adbe\" data-element_type=\"container\">\n\t\t\t\t<div class=\"elementor-element elementor-element-f3d3775 elementor-hidden-desktop elementor-widget elementor-widget-image\" data-id=\"f3d3775\" data-element_type=\"widget\" data-widget_type=\"image.default\">\n\t\t\t\t<div class=\"elementor-widget-container\">\n\t\t\t\t\t\t\t\t\t\t\t\t\t\t\t<img fetchpriority=\"high\" decoding=\"async\" width=\"1024\" height=\"768\" src=\"https:\/\/laboratoriocataldi.com.ar\/nuevaweb\/wp-content\/uploads\/2025\/01\/foto-realista-de-tubos-de-ensayo-con-liquido-marr-1.png\" class=\"attachment-large size-large wp-image-434\" alt=\"\" srcset=\"https:\/\/laboratoriocataldi.com.ar\/nuevaweb\/wp-content\/uploads\/2025\/01\/foto-realista-de-tubos-de-ensayo-con-liquido-marr-1.png 1024w, https:\/\/laboratoriocataldi.com.ar\/nuevaweb\/wp-content\/uploads\/2025\/01\/foto-realista-de-tubos-de-ensayo-con-liquido-marr-1-300x225.png 300w, https:\/\/laboratoriocataldi.com.ar\/nuevaweb\/wp-content\/uploads\/2025\/01\/foto-realista-de-tubos-de-ensayo-con-liquido-marr-1-768x576.png 768w\" sizes=\"(max-width: 1024px) 100vw, 1024px\" \/>\t\t\t\t\t\t\t\t\t\t\t\t\t\t\t<\/div>\n\t\t\t\t<\/div>\n\t\t\t\t<div class=\"elementor-element elementor-element-6018e24d elementor-widget elementor-widget-text-editor\" data-id=\"6018e24d\" data-element_type=\"widget\" data-widget_type=\"text-editor.default\">\n\t\t\t\t<div class=\"elementor-widget-container\">\n\t\t\t\t\t\t\t\t\t<p><span style=\"font-weight: 400;\">Somos un laboratorio especializado en an\u00e1lisis y asesoramiento qu\u00edmico, enfocado en el diagn\u00f3stico del funcionamiento de transformadores y otros equipos el\u00e9ctricos, as\u00ed como en la evaluaci\u00f3n del estado de fluidos aislantes.\u00a0<\/span><\/p><p><span style=\"font-weight: 400;\">Nos destacamos por nuestra amplia experiencia en el an\u00e1lisis de aceite de transformadores, nuestro enfoque exclusivo en esta \u00e1rea y el trato personalizado que brindamos a cada cliente, caracter\u00edsticas que nos distinguen en el mercado.<\/span><\/p>\t\t\t\t\t\t\t\t<\/div>\n\t\t\t\t<\/div>\n\t\t\t\t<\/div>\n\t\t<div class=\"elementor-element elementor-element-1b7c7b13 e-con-full e-flex e-con e-child\" data-id=\"1b7c7b13\" data-element_type=\"container\">\n\t\t\t\t<\/div>\n\t\t\t\t\t<\/div>\n\t\t\t\t<\/div>\n\t\t<div class=\"elementor-element elementor-element-36e975ad e-flex e-con-boxed e-con e-parent\" data-id=\"36e975ad\" data-element_type=\"container\" data-settings=\"{&quot;background_background&quot;:&quot;classic&quot;}\">\n\t\t\t\t\t<div class=\"e-con-inner\">\n\t\t<div class=\"elementor-element elementor-element-23246c43 e-con-full e-flex e-con e-child\" data-id=\"23246c43\" data-element_type=\"container\">\n\t\t\t\t<div class=\"elementor-element elementor-element-4010e674 elementor-invisible elementor-widget elementor-widget-image\" data-id=\"4010e674\" data-element_type=\"widget\" data-settings=\"{&quot;_animation&quot;:&quot;fadeInUp&quot;}\" data-widget_type=\"image.default\">\n\t\t\t\t<div class=\"elementor-widget-container\">\n\t\t\t\t\t\t\t\t\t\t\t\t\t\t\t<img decoding=\"async\" width=\"45\" height=\"62\" src=\"https:\/\/laboratoriocataldi.com.ar\/nuevaweb\/wp-content\/uploads\/2024\/11\/Recurso_1-9.png\" class=\"elementor-animation-pulse attachment-large size-large wp-image-177\" alt=\"\" \/>\t\t\t\t\t\t\t\t\t\t\t\t\t\t\t<\/div>\n\t\t\t\t<\/div>\n\t\t\t\t<div class=\"elementor-element elementor-element-71c061b4 elementor-widget elementor-widget-heading\" data-id=\"71c061b4\" data-element_type=\"widget\" data-widget_type=\"heading.default\">\n\t\t\t\t<div class=\"elementor-widget-container\">\n\t\t\t\t\t<div class=\"elementor-heading-title elementor-size-default\">Direcci\u00f3n<\/div>\t\t\t\t<\/div>\n\t\t\t\t<\/div>\n\t\t\t\t<div class=\"elementor-element elementor-element-af85f43 elementor-widget elementor-widget-heading\" data-id=\"af85f43\" data-element_type=\"widget\" data-widget_type=\"heading.default\">\n\t\t\t\t<div class=\"elementor-widget-container\">\n\t\t\t\t\t<div class=\"elementor-heading-title elementor-size-default\">A. Girardot 1345 - (1427)<br>\nCABA <\/div>\t\t\t\t<\/div>\n\t\t\t\t<\/div>\n\t\t\t\t<\/div>\n\t\t<div class=\"elementor-element elementor-element-c517b64 e-con-full e-flex e-con e-child\" data-id=\"c517b64\" data-element_type=\"container\">\n\t\t\t\t<div class=\"elementor-element elementor-element-876fa87 elementor-invisible elementor-widget elementor-widget-image\" data-id=\"876fa87\" data-element_type=\"widget\" data-settings=\"{&quot;_animation&quot;:&quot;fadeInUp&quot;}\" data-widget_type=\"image.default\">\n\t\t\t\t<div class=\"elementor-widget-container\">\n\t\t\t\t\t\t\t\t\t\t\t\t\t\t\t<img decoding=\"async\" width=\"35\" height=\"61\" src=\"https:\/\/laboratoriocataldi.com.ar\/nuevaweb\/wp-content\/uploads\/2024\/11\/Recurso_2-3.png\" class=\"elementor-animation-pulse attachment-large size-large wp-image-178\" alt=\"\" \/>\t\t\t\t\t\t\t\t\t\t\t\t\t\t\t<\/div>\n\t\t\t\t<\/div>\n\t\t\t\t<div class=\"elementor-element elementor-element-24c7d6c elementor-widget elementor-widget-heading\" data-id=\"24c7d6c\" data-element_type=\"widget\" data-widget_type=\"heading.default\">\n\t\t\t\t<div class=\"elementor-widget-container\">\n\t\t\t\t\t<div class=\"elementor-heading-title elementor-size-default\">Tel\u00e9fono<\/div>\t\t\t\t<\/div>\n\t\t\t\t<\/div>\n\t\t\t\t<div class=\"elementor-element elementor-element-20bab30 elementor-widget elementor-widget-heading\" data-id=\"20bab30\" data-element_type=\"widget\" data-widget_type=\"heading.default\">\n\t\t\t\t<div class=\"elementor-widget-container\">\n\t\t\t\t\t<div class=\"elementor-heading-title elementor-size-default\">011-4553-3041 \/ 011-4553-3064<\/div>\t\t\t\t<\/div>\n\t\t\t\t<\/div>\n\t\t\t\t<\/div>\n\t\t<div class=\"elementor-element elementor-element-984ea01 e-con-full e-flex e-con e-child\" data-id=\"984ea01\" data-element_type=\"container\">\n\t\t\t\t<div class=\"elementor-element elementor-element-e80fa98 elementor-invisible elementor-widget elementor-widget-image\" data-id=\"e80fa98\" data-element_type=\"widget\" data-settings=\"{&quot;_animation&quot;:&quot;fadeInUp&quot;}\" data-widget_type=\"image.default\">\n\t\t\t\t<div class=\"elementor-widget-container\">\n\t\t\t\t\t\t\t\t\t\t\t\t\t\t\t<img loading=\"lazy\" decoding=\"async\" width=\"62\" height=\"61\" src=\"https:\/\/laboratoriocataldi.com.ar\/nuevaweb\/wp-content\/uploads\/2024\/11\/Recurso_3-3.png\" class=\"elementor-animation-pulse attachment-large size-large wp-image-179\" alt=\"\" \/>\t\t\t\t\t\t\t\t\t\t\t\t\t\t\t<\/div>\n\t\t\t\t<\/div>\n\t\t\t\t<div class=\"elementor-element elementor-element-284fa0b elementor-widget elementor-widget-heading\" data-id=\"284fa0b\" data-element_type=\"widget\" data-widget_type=\"heading.default\">\n\t\t\t\t<div class=\"elementor-widget-container\">\n\t\t\t\t\t<div class=\"elementor-heading-title elementor-size-default\">E-mail<\/div>\t\t\t\t<\/div>\n\t\t\t\t<\/div>\n\t\t\t\t<div class=\"elementor-element elementor-element-f088ac6 elementor-widget elementor-widget-heading\" data-id=\"f088ac6\" data-element_type=\"widget\" data-widget_type=\"heading.default\">\n\t\t\t\t<div class=\"elementor-widget-container\">\n\t\t\t\t\t<div class=\"elementor-heading-title elementor-size-default\"><a href=\"mailto:cataldi@laboratoriocataldi.com.ar\">cataldi@laboratoriocataldi.com.ar<\/a><\/div>\t\t\t\t<\/div>\n\t\t\t\t<\/div>\n\t\t\t\t<\/div>\n\t\t<div class=\"elementor-element elementor-element-4d9c920 e-con-full e-flex e-con e-child\" data-id=\"4d9c920\" data-element_type=\"container\">\n\t\t\t\t<div class=\"elementor-element elementor-element-c7195a6 elementor-invisible elementor-widget elementor-widget-image\" data-id=\"c7195a6\" data-element_type=\"widget\" data-settings=\"{&quot;_animation&quot;:&quot;fadeInUp&quot;}\" data-widget_type=\"image.default\">\n\t\t\t\t<div class=\"elementor-widget-container\">\n\t\t\t\t\t\t\t\t\t\t\t\t\t\t\t<img loading=\"lazy\" decoding=\"async\" width=\"62\" height=\"62\" src=\"https:\/\/laboratoriocataldi.com.ar\/nuevaweb\/wp-content\/uploads\/2024\/11\/Recurso_4-2.png\" class=\"elementor-animation-pulse attachment-large size-large wp-image-180\" alt=\"\" \/>\t\t\t\t\t\t\t\t\t\t\t\t\t\t\t<\/div>\n\t\t\t\t<\/div>\n\t\t\t\t<div class=\"elementor-element elementor-element-7dbb89e elementor-widget elementor-widget-heading\" data-id=\"7dbb89e\" data-element_type=\"widget\" data-widget_type=\"heading.default\">\n\t\t\t\t<div class=\"elementor-widget-container\">\n\t\t\t\t\t<div class=\"elementor-heading-title elementor-size-default\">Horario<\/div>\t\t\t\t<\/div>\n\t\t\t\t<\/div>\n\t\t\t\t<div class=\"elementor-element elementor-element-adc77a2 elementor-widget elementor-widget-heading\" data-id=\"adc77a2\" data-element_type=\"widget\" data-widget_type=\"heading.default\">\n\t\t\t\t<div class=\"elementor-widget-container\">\n\t\t\t\t\t<div class=\"elementor-heading-title elementor-size-default\">Lunes a viernes de<br>\n8:00 a 12:00 y 12:30 a 17:30 horas<\/div>\t\t\t\t<\/div>\n\t\t\t\t<\/div>\n\t\t\t\t<\/div>\n\t\t\t\t\t<\/div>\n\t\t\t\t<\/div>\n\t\t\t\t<\/div>\n\t\t","protected":false},"excerpt":{"rendered":"<p>Quienes somos An\u00e1lisis de fluidos diel\u00e9ctricos y diagn\u00f3stico de funcionamiento de transformadores Somos un laboratorio especializado en an\u00e1lisis y asesoramiento [&hellip;]<\/p>\n","protected":false},"author":3,"featured_media":0,"parent":0,"menu_order":0,"comment_status":"closed","ping_status":"closed","template":"","meta":{"site-sidebar-layout":"no-sidebar","site-content-layout":"","ast-site-content-layout":"full-width-container","site-content-style":"default","site-sidebar-style":"default","ast-global-header-display":"","ast-banner-title-visibility":"","ast-main-header-display":"","ast-hfb-above-header-display":"","ast-hfb-below-header-display":"","ast-hfb-mobile-header-display":"","site-post-title":"disabled","ast-breadcrumbs-content":"","ast-featured-img":"disabled","footer-sml-layout":"","theme-transparent-header-meta":"","adv-header-id-meta":"","stick-header-meta":"","header-above-stick-meta":"","header-main-stick-meta":"","header-below-stick-meta":"","astra-migrate-meta-layouts":"default","ast-page-background-enabled":"default","ast-page-background-meta":{"desktop":{"background-color":"var(--ast-global-color-4)","background-image":"","background-repeat":"repeat","background-position":"center center","background-size":"auto","background-attachment":"scroll","background-type":"","background-media":"","overlay-type":"","overlay-color":"","overlay-opacity":"","overlay-gradient":""},"tablet":{"background-color":"","background-image":"","background-repeat":"repeat","background-position":"center center","background-size":"auto","background-attachment":"scroll","background-type":"","background-media":"","overlay-type":"","overlay-color":"","overlay-opacity":"","overlay-gradient":""},"mobile":{"background-color":"","background-image":"","background-repeat":"repeat","background-position":"center center","background-size":"auto","background-attachment":"scroll","background-type":"","background-media":"","overlay-type":"","overlay-color":"","overlay-opacity":"","overlay-gradient":""}},"ast-content-background-meta":{"desktop":{"background-color":"var(--ast-global-color-5)","background-image":"","background-repeat":"repeat","background-position":"center center","background-size":"auto","background-attachment":"scroll","background-type":"","background-media":"","overlay-type":"","overlay-color":"","overlay-opacity":"","overlay-gradient":""},"tablet":{"background-color":"var(--ast-global-color-5)","background-image":"","background-repeat":"repeat","background-position":"center center","background-size":"auto","background-attachment":"scroll","background-type":"","background-media":"","overlay-type":"","overlay-color":"","overlay-opacity":"","overlay-gradient":""},"mobile":{"background-color":"var(--ast-global-color-5)","background-image":"","background-repeat":"repeat","background-position":"center center","background-size":"auto","background-attachment":"scroll","background-type":"","background-media":"","overlay-type":"","overlay-color":"","overlay-opacity":"","overlay-gradient":""}},"footnotes":""},"class_list":["post-19","page","type-page","status-publish","hentry"],"_links":{"self":[{"href":"https:\/\/laboratoriocataldi.com.ar\/nuevaweb\/wp-json\/wp\/v2\/pages\/19","targetHints":{"allow":["GET"]}}],"collection":[{"href":"https:\/\/laboratoriocataldi.com.ar\/nuevaweb\/wp-json\/wp\/v2\/pages"}],"about":[{"href":"https:\/\/laboratoriocataldi.com.ar\/nuevaweb\/wp-json\/wp\/v2\/types\/page"}],"author":[{"embeddable":true,"href":"https:\/\/laboratoriocataldi.com.ar\/nuevaweb\/wp-json\/wp\/v2\/users\/3"}],"replies":[{"embeddable":true,"href":"https:\/\/laboratoriocataldi.com.ar\/nuevaweb\/wp-json\/wp\/v2\/comments?post=19"}],"version-history":[{"count":5,"href":"https:\/\/laboratoriocataldi.com.ar\/nuevaweb\/wp-json\/wp\/v2\/pages\/19\/revisions"}],"predecessor-version":[{"id":545,"href":"https:\/\/laboratoriocataldi.com.ar\/nuevaweb\/wp-json\/wp\/v2\/pages\/19\/revisions\/545"}],"wp:attachment":[{"href":"https:\/\/laboratoriocataldi.com.ar\/nuevaweb\/wp-json\/wp\/v2\/media?parent=19"}],"curies":[{"name":"wp","href":"https:\/\/api.w.org\/{rel}","templated":true}]}}