{"id":166,"date":"2024-11-18T23:32:16","date_gmt":"2024-11-18T23:32:16","guid":{"rendered":"https:\/\/laboratoriocataldi.com.ar\/nuevaweb\/?page_id=166"},"modified":"2025-02-10T14:43:38","modified_gmt":"2025-02-10T14:43:38","slug":"politica-de-laboratorio","status":"publish","type":"page","link":"https:\/\/laboratoriocataldi.com.ar\/nuevaweb\/nuestro-laboratorio\/politica-de-laboratorio\/","title":{"rendered":"Pol\u00edtica de Laboratorio"},"content":{"rendered":"\t\t<div data-elementor-type=\"wp-page\" data-elementor-id=\"166\" class=\"elementor elementor-166\" data-elementor-post-type=\"page\">\n\t\t\t\t<div class=\"elementor-element elementor-element-440a87bd e-flex e-con-boxed e-con e-parent\" data-id=\"440a87bd\" data-element_type=\"container\" data-settings=\"{&quot;background_background&quot;:&quot;classic&quot;}\">\n\t\t\t\t\t<div class=\"e-con-inner\">\n\t\t\t\t\t<\/div>\n\t\t\t\t<\/div>\n\t\t<div class=\"elementor-element elementor-element-661526e1 e-flex e-con-boxed e-con e-parent\" data-id=\"661526e1\" data-element_type=\"container\">\n\t\t\t\t\t<div class=\"e-con-inner\">\n\t\t\t\t<div class=\"elementor-element elementor-element-663bdecd elementor-widget elementor-widget-heading\" data-id=\"663bdecd\" data-element_type=\"widget\" data-widget_type=\"heading.default\">\n\t\t\t\t<div class=\"elementor-widget-container\">\n\t\t\t\t\t<h2 class=\"elementor-heading-title elementor-size-default\">Pol\u00edtica de Laboratorio<\/h2>\t\t\t\t<\/div>\n\t\t\t\t<\/div>\n\t\t\t\t<div class=\"elementor-element elementor-element-31d73d1c elementor-widget elementor-widget-text-editor\" data-id=\"31d73d1c\" data-element_type=\"widget\" data-widget_type=\"text-editor.default\">\n\t\t\t\t<div class=\"elementor-widget-container\">\n\t\t\t\t\t\t\t\t\t<p>La Direcci\u00f3n de Laboratorio Cataldi se compromete a:<\/p>\t\t\t\t\t\t\t\t<\/div>\n\t\t\t\t<\/div>\n\t\t\t\t\t<\/div>\n\t\t\t\t<\/div>\n\t\t<div class=\"elementor-element elementor-element-1a21e87 e-flex e-con-boxed e-con e-parent\" data-id=\"1a21e87\" data-element_type=\"container\">\n\t\t\t\t\t<div class=\"e-con-inner\">\n\t\t<div class=\"elementor-element elementor-element-3552c93 e-con-full e-flex e-con e-child\" data-id=\"3552c93\" data-element_type=\"container\">\n\t\t\t\t<div class=\"elementor-element elementor-element-943e24e elementor-widget elementor-widget-text-editor\" data-id=\"943e24e\" data-element_type=\"widget\" data-widget_type=\"text-editor.default\">\n\t\t\t\t<div class=\"elementor-widget-container\">\n\t\t\t\t\t\t\t\t\t<p>\u2022 Implementar, mantener y mejorar continuamente el Sistema de Gesti\u00f3n de acuerdo a los requisitos de la norma ISO-IEC 17025, que abarca ensayos, calibraciones de equipos propios y muestreos realizados por el laboratorio seg\u00fan la documentaci\u00f3n vigente. Para tal fin, pone a disposici\u00f3n todos los recursos financieros y personales necesarios.<\/p><p>\u2022 Llevar adelante un trabajo profesional, confiable y competente utilizando las buenas pr\u00e1cticas de la industria, enfocados en la calidad, la satisfacci\u00f3n de los clientes y la mejora continua.<\/p><p>\u2022 Brindar todos los servicios acordes a normas t\u00e9cnicas modernas y actualizadas, siempre en concordancia con las disposiciones legales vigentes.<\/p><p>\u2022 Utilizar los procedimientos de protecci\u00f3n del medio ambiente y seguridad del personal necesarios para cada tarea.<\/p>\t\t\t\t\t\t\t\t<\/div>\n\t\t\t\t<\/div>\n\t\t\t\t<\/div>\n\t\t<div class=\"elementor-element elementor-element-fef661e e-con-full e-flex e-con e-child\" data-id=\"fef661e\" data-element_type=\"container\">\n\t\t\t\t<div class=\"elementor-element elementor-element-6242a8e elementor-widget elementor-widget-text-editor\" data-id=\"6242a8e\" data-element_type=\"widget\" data-widget_type=\"text-editor.default\">\n\t\t\t\t<div class=\"elementor-widget-container\">\n\t\t\t\t\t\t\t\t\t<p>\u2022 Mantener la relaci\u00f3n precio-prestaci\u00f3n rentable de los trabajos realizados, manteniendo el \u00e9xito t\u00e9cnico y econ\u00f3mico del laboratorio y garantizando el crecimiento de la empresa.<\/p><p>\u2022 Garantizar el optimo rendimiento del equipamiento del laboratorio<\/p><p>\u2022 Asegurar, en todo momento, la confidencialidad de la informaci\u00f3n relacionada con los clientes. \u2022 Cuidar la relaci\u00f3n con el cliente, mediante una comunicaci\u00f3n fluida y eficiente, y cumpliendo con los plazos y la atenci\u00f3n requerida.<\/p><p>\u2022 Motivar a los empleados a trav\u00e9s de la capacitaci\u00f3n, el perfeccionamiento constante y un buen ambiente de trabajo para lograr el m\u00e1ximo compromiso en su tarea, as\u00ed como el cumplimiento de la pol\u00edtica y el manual del Sistema de Gesti\u00f3n.<\/p><p>\u2022 Mantener la satisfacci\u00f3n y buena relaci\u00f3n con nuestros proveedores.<\/p>\t\t\t\t\t\t\t\t<\/div>\n\t\t\t\t<\/div>\n\t\t\t\t<\/div>\n\t\t\t\t\t<\/div>\n\t\t\t\t<\/div>\n\t\t\t\t<\/div>\n\t\t","protected":false},"excerpt":{"rendered":"<p>Pol\u00edtica de Laboratorio La Direcci\u00f3n de Laboratorio Cataldi se compromete a: \u2022 Implementar, mantener y mejorar continuamente el Sistema de [&hellip;]<\/p>\n","protected":false},"author":3,"featured_media":0,"parent":19,"menu_order":0,"comment_status":"closed","ping_status":"closed","template":"","meta":{"site-sidebar-layout":"no-sidebar","site-content-layout":"","ast-site-content-layout":"full-width-container","site-content-style":"default","site-sidebar-style":"default","ast-global-header-display":"","ast-banner-title-visibility":"","ast-main-header-display":"","ast-hfb-above-header-display":"","ast-hfb-below-header-display":"","ast-hfb-mobile-header-display":"","site-post-title":"disabled","ast-breadcrumbs-content":"","ast-featured-img":"disabled","footer-sml-layout":"","theme-transparent-header-meta":"","adv-header-id-meta":"","stick-header-meta":"","header-above-stick-meta":"","header-main-stick-meta":"","header-below-stick-meta":"","astra-migrate-meta-layouts":"default","ast-page-background-enabled":"default","ast-page-background-meta":{"desktop":{"background-color":"var(--ast-global-color-4)","background-image":"","background-repeat":"repeat","background-position":"center center","background-size":"auto","background-attachment":"scroll","background-type":"","background-media":"","overlay-type":"","overlay-color":"","overlay-opacity":"","overlay-gradient":""},"tablet":{"background-color":"","background-image":"","background-repeat":"repeat","background-position":"center center","background-size":"auto","background-attachment":"scroll","background-type":"","background-media":"","overlay-type":"","overlay-color":"","overlay-opacity":"","overlay-gradient":""},"mobile":{"background-color":"","background-image":"","background-repeat":"repeat","background-position":"center center","background-size":"auto","background-attachment":"scroll","background-type":"","background-media":"","overlay-type":"","overlay-color":"","overlay-opacity":"","overlay-gradient":""}},"ast-content-background-meta":{"desktop":{"background-color":"var(--ast-global-color-5)","background-image":"","background-repeat":"repeat","background-position":"center center","background-size":"auto","background-attachment":"scroll","background-type":"","background-media":"","overlay-type":"","overlay-color":"","overlay-opacity":"","overlay-gradient":""},"tablet":{"background-color":"var(--ast-global-color-5)","background-image":"","background-repeat":"repeat","background-position":"center center","background-size":"auto","background-attachment":"scroll","background-type":"","background-media":"","overlay-type":"","overlay-color":"","overlay-opacity":"","overlay-gradient":""},"mobile":{"background-color":"var(--ast-global-color-5)","background-image":"","background-repeat":"repeat","background-position":"center center","background-size":"auto","background-attachment":"scroll","background-type":"","background-media":"","overlay-type":"","overlay-color":"","overlay-opacity":"","overlay-gradient":""}},"footnotes":""},"class_list":["post-166","page","type-page","status-publish","hentry"],"_links":{"self":[{"href":"https:\/\/laboratoriocataldi.com.ar\/nuevaweb\/wp-json\/wp\/v2\/pages\/166","targetHints":{"allow":["GET"]}}],"collection":[{"href":"https:\/\/laboratoriocataldi.com.ar\/nuevaweb\/wp-json\/wp\/v2\/pages"}],"about":[{"href":"https:\/\/laboratoriocataldi.com.ar\/nuevaweb\/wp-json\/wp\/v2\/types\/page"}],"author":[{"embeddable":true,"href":"https:\/\/laboratoriocataldi.com.ar\/nuevaweb\/wp-json\/wp\/v2\/users\/3"}],"replies":[{"embeddable":true,"href":"https:\/\/laboratoriocataldi.com.ar\/nuevaweb\/wp-json\/wp\/v2\/comments?post=166"}],"version-history":[{"count":5,"href":"https:\/\/laboratoriocataldi.com.ar\/nuevaweb\/wp-json\/wp\/v2\/pages\/166\/revisions"}],"predecessor-version":[{"id":717,"href":"https:\/\/laboratoriocataldi.com.ar\/nuevaweb\/wp-json\/wp\/v2\/pages\/166\/revisions\/717"}],"up":[{"embeddable":true,"href":"https:\/\/laboratoriocataldi.com.ar\/nuevaweb\/wp-json\/wp\/v2\/pages\/19"}],"wp:attachment":[{"href":"https:\/\/laboratoriocataldi.com.ar\/nuevaweb\/wp-json\/wp\/v2\/media?parent=166"}],"curies":[{"name":"wp","href":"https:\/\/api.w.org\/{rel}","templated":true}]}}